{"id":2,"date":"2025-02-26T16:19:59","date_gmt":"2025-02-26T15:19:59","guid":{"rendered":"http:\/\/ctomtomdev.net\/?page_id=2"},"modified":"2025-06-23T09:29:43","modified_gmt":"2025-06-23T07:29:43","slug":"page-d-exemple","status":"publish","type":"page","link":"https:\/\/ctomtomdev.net\/en\/","title":{"rendered":"Hello and welcome to my portfolio website!"},"content":{"rendered":"<h2 class=\"wp-block-heading\">This website still is under construction<\/h2>\n\n\n\n<p>Il pr\u00e9sentera bient\u00f4t mon portfolio en design UI\/UX. Actuellement en formation pour l&#8217;obtention d&#8217;un <a href=\"https:\/\/www.francecompetences.fr\/recherche\/rncp\/35634\/\" target=\"_blank\" rel=\"noreferrer noopener\">professional qualification of UI designer<\/a>, I am currently learning with <a href=\"http:\/\/www.studi.fr\" target=\"_blank\" rel=\"noreferrer noopener\">STUDI<\/a>. J&#8217;aime beaucoup concevoir des icones et des interfaces d&#8217;applications, en prenant en compte les deux dimensions du design : l&#8217;interface pure (UI) et l&#8217;exp\u00e9rience utilisateur (UX).<\/p>\n\n\n\n<h2 class=\"wp-block-heading\">Software tools<\/h2>\n\n\n\n<p>Most recent inputs (made during my training to graduate as <a href=\"https:\/\/www.studi.com\/fr\/formation\/design-graphique-et-digital\/bachelor-designer-dinterfaces\" target=\"_blank\" rel=\"noreferrer noopener\">BDI &#8211; Bachelor Designer d&#8217;Interface<\/a> with <a href=\"http:\/\/www.studi.fr\" target=\"_blank\" rel=\"noreferrer noopener\">STUDI<\/a>) were made using Adobe suite (<a href=\"https:\/\/www.adobe.com\/fr\/products\/indesign.html\" target=\"_blank\" rel=\"noreferrer noopener\">Indesign<\/a>, <a href=\"https:\/\/www.adobe.com\/fr\/products\/photoshop.html\" target=\"_blank\" rel=\"noreferrer noopener\">Photoshop<\/a>, <a href=\"https:\/\/www.adobe.com\/fr\/products\/illustrator.html\" target=\"_blank\" rel=\"noreferrer noopener\">Illustrator<\/a>) or <a href=\"https:\/\/www.figma.com\/\" target=\"_blank\" rel=\"noreferrer noopener\">Figma<\/a>. Former designs were made with the open source equivalents (like <a href=\"https:\/\/www.gimp.org\/\" target=\"_blank\" rel=\"noreferrer noopener\">Gimp<\/a>, <a href=\"https:\/\/scribus.fr\/\" target=\"_blank\" rel=\"noreferrer noopener\">Scribus<\/a> or <a href=\"https:\/\/inkscape.org\/fr\/\" target=\"_blank\" rel=\"noreferrer noopener\">Inkscape<\/a>).<\/p>\n\n\n\n<p>J&#8217;appr\u00e9cie particuli\u00e8rement <a href=\"https:\/\/www.figma.com\/\" target=\"_blank\" rel=\"noreferrer noopener\">Figma<\/a> which I fancy for its powerful capabilities in UX and its flexibility.<\/p>\n\n\n\n<h3 class=\"wp-block-heading\">Talking about Figma...<\/h3>\n\n\n\n<p>Some of my <a href=\"https:\/\/www.figma.com\/proto\/Q7Kyz8sGOBlCEuceAyKL1a\/The-Cacatoes-Theory-Challenge?node-id=148-1387&amp;p=f&amp;t=8XgGSFyiHjDpk4VL-1&amp;scaling=min-zoom&amp;content-scaling=fixed&amp;page-id=1%3A508&amp;starting-point-node-id=148%3A1387\" target=\"_blank\" rel=\"noreferrer noopener\">Figma creations<\/a> are shared on the public section of my account.<\/p>\n\n\n\n<h2 class=\"wp-block-heading\">Three section currently have inputs:<\/h2>\n\n\n\n<h3 class=\"wp-block-heading\"><a href=\"https:\/\/ctomtomdev.net\/en\/mise-a-jour-ui-existantes\/\">Refontes : redesign d&#8217;UI existantes<\/a><\/h3>\n\n\n\n<p>J&#8217;y pr\u00e9sente des applications, web ou autre, que j&#8217;ai modifi\u00e9es pour appliquer une nouvelle charte graphique, moderniser l&#8217;interface ou proposer une UI plus homog\u00e8ne.<\/p>\n\n\n<div class=\"wp-block-image\">\n<figure class=\"aligncenter size-full is-resized\"><a href=\"https:\/\/ctomtomdev.net\/en\/mise-a-jour-ui-existantes\/\"><img loading=\"lazy\" decoding=\"async\" width=\"800\" height=\"480\" src=\"https:\/\/ctomtomdev.net\/wp-content\/uploads\/refontes\/old_and_new_cvi_axone.jpg\" alt=\"Superposition d'une ancienne UI et de sa refonte - Maquet\/Getinge. Les images du portfolio pr\u00e9senteront un slider avant\/apr\u00e8s de ces r\u00e9alisations de design d'interface.\" class=\"wp-image-57\" style=\"width:840px;height:auto\" srcset=\"https:\/\/ctomtomdev.net\/wp-content\/uploads\/refontes\/old_and_new_cvi_axone.jpg 800w, https:\/\/ctomtomdev.net\/wp-content\/uploads\/refontes\/old_and_new_cvi_axone-600x360.jpg 600w, https:\/\/ctomtomdev.net\/wp-content\/uploads\/refontes\/old_and_new_cvi_axone-300x180.jpg 300w, https:\/\/ctomtomdev.net\/wp-content\/uploads\/refontes\/old_and_new_cvi_axone-768x461.jpg 768w\" sizes=\"auto, (max-width: 800px) 100vw, 800px\" \/><\/a><\/figure>\n<\/div>\n\n\n<h3 class=\"wp-block-heading\"><a href=\"https:\/\/ctomtomdev.net\/en\/photographie\/\">Photography<\/a><\/h3>\n\n\n\n<p>J&#8217;y pr\u00e9sente quelques photos prises au fil des ann\u00e9es, principalement sur la faune et la flore. Un peu en dehors de l&#8217;UI, ce portfolio pr\u00e9sente tout de m\u00eame des productions en relation avec le cr\u00e9atif.<\/p>\n\n\n<div class=\"wp-block-image\">\n<figure class=\"aligncenter size-large is-resized\"><a href=\"https:\/\/ctomtomdev.net\/en\/photographie\/\"><img loading=\"lazy\" decoding=\"async\" width=\"1024\" height=\"683\" src=\"http:\/\/ctomtomdev.net\/wp-content\/uploads\/photo\/photo_pf_9-1024x683.jpg\" alt=\"Chat gris et blanc, aux yeux jaunes\" class=\"wp-image-33\" style=\"width:840px\" srcset=\"https:\/\/ctomtomdev.net\/wp-content\/uploads\/photo\/photo_pf_9-1024x683.jpg 1024w, https:\/\/ctomtomdev.net\/wp-content\/uploads\/photo\/photo_pf_9-scaled-600x400.jpg 600w, https:\/\/ctomtomdev.net\/wp-content\/uploads\/photo\/photo_pf_9-300x200.jpg 300w, https:\/\/ctomtomdev.net\/wp-content\/uploads\/photo\/photo_pf_9-768x512.jpg 768w\" sizes=\"auto, (max-width: 1024px) 100vw, 1024px\" \/><\/a><\/figure>\n<\/div>\n\n\n<h3 class=\"wp-block-heading\"><a href=\"https:\/\/ctomtomdev.net\/en\/portfolio-de-print-daffiches-et-fiches\/\">Prints<\/a><\/h3>\n\n\n\n<p>This section features posters, flyers and other printed documents.<\/p>\n\n\n\n<figure class=\"wp-block-image size-full is-resized\"><img loading=\"lazy\" decoding=\"async\" width=\"843\" height=\"597\" src=\"http:\/\/ctomtomdev.net\/wp-content\/uploads\/prints\/FicheQualite02_P1.jpg\" alt=\"Print Fiche Qualit\u00e9 #2 - page 1 \/ recto\" class=\"wp-image-177\" style=\"width:840px\" srcset=\"https:\/\/ctomtomdev.net\/wp-content\/uploads\/prints\/FicheQualite02_P1.jpg 843w, https:\/\/ctomtomdev.net\/wp-content\/uploads\/prints\/FicheQualite02_P1-600x425.jpg 600w, https:\/\/ctomtomdev.net\/wp-content\/uploads\/prints\/FicheQualite02_P1-300x212.jpg 300w, https:\/\/ctomtomdev.net\/wp-content\/uploads\/prints\/FicheQualite02_P1-768x544.jpg 768w, https:\/\/ctomtomdev.net\/wp-content\/uploads\/prints\/FicheQualite02_P1-340x240.jpg 340w\" sizes=\"auto, (max-width: 843px) 100vw, 843px\" \/><figcaption class=\"wp-element-caption\">Quality leaflet #2 - Page one (front)<\/figcaption><\/figure>\n\n\n\n<h3 class=\"wp-block-heading\">UI\/UX designs <em>from scratch<\/em><\/h3>\n\n\n\n<p>Cette section pr\u00e9sentera des interfaces d&#8217;applications, web et mobiles principalement, que j&#8217;aurais r\u00e9alis\u00e9es dans le cadre de ma formation ou pour des projets personnels.<\/p>\n\n\n\n<h3 class=\"wp-block-heading\">The portfolio of uncategorised UI\/UX elements<\/h3>\n\n\n\n<p>Comme son nom l&#8217;indique, cette section sera nourrie de diff\u00e9rents projets, mini projets ou challenges trouv\u00e9s sur internet et auxquels j&#8217;ai particip\u00e9, comme ceux de <a href=\"https:\/\/www.dailyui.co\/\" target=\"_blank\" rel=\"noreferrer noopener\">Daily UI dot co<\/a> or from <a href=\"https:\/\/www.thecacatoestheory.com\/\" target=\"_blank\" rel=\"noreferrer noopener\">The Cacatoes Theory<\/a>, or some of those submitted by Olivier Krakus \/ <a href=\"https:\/\/www.instagram.com\/okprod_tuto\/\" target=\"_blank\" rel=\"noreferrer noopener\">@OKProd tuto<\/a> on Instgram. Some of these <a href=\"https:\/\/www.figma.com\/proto\/Q7Kyz8sGOBlCEuceAyKL1a\/The-Cacatoes-Theory-Challenge?node-id=148-1387&amp;p=f&amp;t=8XgGSFyiHjDpk4VL-1&amp;scaling=min-zoom&amp;content-scaling=fixed&amp;page-id=1%3A508&amp;starting-point-node-id=148%3A1387\" target=\"_blank\" rel=\"noreferrer noopener\">Figma creations<\/a> are shared on the public section of my account.<\/p>\n\n\n\n<p><\/p>","protected":false},"excerpt":{"rendered":"<p>Ce site est en cours de construction&#8230; Il pr\u00e9sentera bient\u00f4t mon portfolio en design UI\/UX. Actuellement en formation pour l&#8217;obtention d&#8217;un titre professionnel Concepteur Designer UI, je r\u00e9alise la formation avec STUDI. J&#8217;aime beaucoup concevoir des icones et des interfaces d&#8217;applications, en prenant en compte les deux dimensions du design : l&#8217;interface pure (UI) et [&hellip;]<\/p>\n","protected":false},"author":2,"featured_media":0,"parent":0,"menu_order":0,"comment_status":"closed","ping_status":"closed","template":"","meta":{"footnotes":""},"class_list":["post-2","page","type-page","status-publish","hentry"],"yoast_head":"<!-- This site is optimized with the Yoast SEO plugin v27.6 - https:\/\/yoast.com\/product\/yoast-seo-wordpress\/ -->\n<title>CTOMTOMDEV - Portfolio en design d&#039;interface UI\/UX<\/title>\n<meta name=\"description\" content=\"Mon portfolio en design UI\/UX. Ing\u00e9nieur en reconversion, bient\u00f4t concepteur d&#039;interface UI\/UX, je pr\u00e9sente ici mes r\u00e9alisations.\" \/>\n<meta name=\"robots\" content=\"index, follow, max-snippet:-1, max-image-preview:large, max-video-preview:-1\" \/>\n<link rel=\"canonical\" href=\"https:\/\/ctomtomdev.net\/en\/\" \/>\n<meta property=\"og:locale\" content=\"en_GB\" \/>\n<meta property=\"og:type\" content=\"article\" \/>\n<meta property=\"og:title\" content=\"CTOMTOMDEV - Portfolio en design d&#039;interface UI\/UX\" \/>\n<meta property=\"og:description\" content=\"Mon portfolio en design UI\/UX. Ing\u00e9nieur en reconversion, bient\u00f4t concepteur d&#039;interface UI\/UX, je pr\u00e9sente ici mes r\u00e9alisations.\" \/>\n<meta property=\"og:url\" content=\"https:\/\/ctomtomdev.net\/en\/\" \/>\n<meta property=\"og:site_name\" content=\"CTOMTOMDEV\" \/>\n<meta property=\"article:modified_time\" content=\"2025-06-23T07:29:43+00:00\" \/>\n<meta property=\"og:image\" content=\"https:\/\/ctomtomdev.net\/wp-content\/uploads\/refontes\/old_and_new_cvi_axone.jpg\" \/>\n\t<meta property=\"og:image:width\" content=\"800\" \/>\n\t<meta property=\"og:image:height\" content=\"480\" \/>\n\t<meta property=\"og:image:type\" content=\"image\/jpeg\" \/>\n<meta name=\"twitter:card\" content=\"summary_large_image\" \/>\n<meta name=\"twitter:label1\" content=\"Estimated reading time\" \/>\n\t<meta name=\"twitter:data1\" content=\"3 minutes\" \/>\n<script type=\"application\/ld+json\" class=\"yoast-schema-graph\">{\"@context\":\"https:\\\/\\\/schema.org\",\"@graph\":[{\"@type\":\"WebPage\",\"@id\":\"https:\\\/\\\/ctomtomdev.net\\\/\",\"url\":\"https:\\\/\\\/ctomtomdev.net\\\/\",\"name\":\"CTOMTOMDEV - Portfolio en design d'interface UI\\\/UX\",\"isPartOf\":{\"@id\":\"https:\\\/\\\/ctomtomdev.net\\\/#website\"},\"primaryImageOfPage\":{\"@id\":\"https:\\\/\\\/ctomtomdev.net\\\/#primaryimage\"},\"image\":{\"@id\":\"https:\\\/\\\/ctomtomdev.net\\\/#primaryimage\"},\"thumbnailUrl\":\"https:\\\/\\\/ctomtomdev.net\\\/wp-content\\\/uploads\\\/refontes\\\/old_and_new_cvi_axone.jpg\",\"datePublished\":\"2025-02-26T15:19:59+00:00\",\"dateModified\":\"2025-06-23T07:29:43+00:00\",\"description\":\"Mon portfolio en design UI\\\/UX. Ing\u00e9nieur en reconversion, bient\u00f4t concepteur d'interface UI\\\/UX, je pr\u00e9sente ici mes r\u00e9alisations.\",\"breadcrumb\":{\"@id\":\"https:\\\/\\\/ctomtomdev.net\\\/#breadcrumb\"},\"inLanguage\":\"en-GB\",\"potentialAction\":[{\"@type\":\"ReadAction\",\"target\":[\"https:\\\/\\\/ctomtomdev.net\\\/\"]}]},{\"@type\":\"ImageObject\",\"inLanguage\":\"en-GB\",\"@id\":\"https:\\\/\\\/ctomtomdev.net\\\/#primaryimage\",\"url\":\"https:\\\/\\\/ctomtomdev.net\\\/wp-content\\\/uploads\\\/refontes\\\/old_and_new_cvi_axone.jpg\",\"contentUrl\":\"https:\\\/\\\/ctomtomdev.net\\\/wp-content\\\/uploads\\\/refontes\\\/old_and_new_cvi_axone.jpg\"},{\"@type\":\"BreadcrumbList\",\"@id\":\"https:\\\/\\\/ctomtomdev.net\\\/#breadcrumb\",\"itemListElement\":[{\"@type\":\"ListItem\",\"position\":1,\"name\":\"Accueil\",\"item\":\"https:\\\/\\\/ctomtomdev.net\\\/\"},{\"@type\":\"ListItem\",\"position\":2,\"name\":\"Bonjour et bienvenue !\"}]},{\"@type\":\"WebSite\",\"@id\":\"https:\\\/\\\/ctomtomdev.net\\\/#website\",\"url\":\"https:\\\/\\\/ctomtomdev.net\\\/\",\"name\":\"CTOMTOMDEV\",\"description\":\"Nous sommes nos choix\",\"potentialAction\":[{\"@type\":\"SearchAction\",\"target\":{\"@type\":\"EntryPoint\",\"urlTemplate\":\"https:\\\/\\\/ctomtomdev.net\\\/?s={search_term_string}\"},\"query-input\":{\"@type\":\"PropertyValueSpecification\",\"valueRequired\":true,\"valueName\":\"search_term_string\"}}],\"inLanguage\":\"en-GB\"}]}<\/script>\n<!-- \/ Yoast SEO plugin. -->","yoast_head_json":{"title":"CTOMTOMDEV - Portfolio en design d'interface UI\/UX","description":"Mon portfolio en design UI\/UX. Ing\u00e9nieur en reconversion, bient\u00f4t concepteur d'interface UI\/UX, je pr\u00e9sente ici mes r\u00e9alisations.","robots":{"index":"index","follow":"follow","max-snippet":"max-snippet:-1","max-image-preview":"max-image-preview:large","max-video-preview":"max-video-preview:-1"},"canonical":"https:\/\/ctomtomdev.net\/en\/","og_locale":"en_GB","og_type":"article","og_title":"CTOMTOMDEV - Portfolio en design d'interface UI\/UX","og_description":"Mon portfolio en design UI\/UX. Ing\u00e9nieur en reconversion, bient\u00f4t concepteur d'interface UI\/UX, je pr\u00e9sente ici mes r\u00e9alisations.","og_url":"https:\/\/ctomtomdev.net\/en\/","og_site_name":"CTOMTOMDEV","article_modified_time":"2025-06-23T07:29:43+00:00","og_image":[{"width":800,"height":480,"url":"https:\/\/ctomtomdev.net\/wp-content\/uploads\/refontes\/old_and_new_cvi_axone.jpg","type":"image\/jpeg"}],"twitter_card":"summary_large_image","twitter_misc":{"Estimated reading time":"3 minutes"},"schema":{"@context":"https:\/\/schema.org","@graph":[{"@type":"WebPage","@id":"https:\/\/ctomtomdev.net\/","url":"https:\/\/ctomtomdev.net\/","name":"CTOMTOMDEV - Portfolio en design d'interface UI\/UX","isPartOf":{"@id":"https:\/\/ctomtomdev.net\/#website"},"primaryImageOfPage":{"@id":"https:\/\/ctomtomdev.net\/#primaryimage"},"image":{"@id":"https:\/\/ctomtomdev.net\/#primaryimage"},"thumbnailUrl":"https:\/\/ctomtomdev.net\/wp-content\/uploads\/refontes\/old_and_new_cvi_axone.jpg","datePublished":"2025-02-26T15:19:59+00:00","dateModified":"2025-06-23T07:29:43+00:00","description":"Mon portfolio en design UI\/UX. Ing\u00e9nieur en reconversion, bient\u00f4t concepteur d'interface UI\/UX, je pr\u00e9sente ici mes r\u00e9alisations.","breadcrumb":{"@id":"https:\/\/ctomtomdev.net\/#breadcrumb"},"inLanguage":"en-GB","potentialAction":[{"@type":"ReadAction","target":["https:\/\/ctomtomdev.net\/"]}]},{"@type":"ImageObject","inLanguage":"en-GB","@id":"https:\/\/ctomtomdev.net\/#primaryimage","url":"https:\/\/ctomtomdev.net\/wp-content\/uploads\/refontes\/old_and_new_cvi_axone.jpg","contentUrl":"https:\/\/ctomtomdev.net\/wp-content\/uploads\/refontes\/old_and_new_cvi_axone.jpg"},{"@type":"BreadcrumbList","@id":"https:\/\/ctomtomdev.net\/#breadcrumb","itemListElement":[{"@type":"ListItem","position":1,"name":"Accueil","item":"https:\/\/ctomtomdev.net\/"},{"@type":"ListItem","position":2,"name":"Bonjour et bienvenue !"}]},{"@type":"WebSite","@id":"https:\/\/ctomtomdev.net\/#website","url":"https:\/\/ctomtomdev.net\/","name":"CTOMTOMDEV","description":"Nous sommes nos choix","potentialAction":[{"@type":"SearchAction","target":{"@type":"EntryPoint","urlTemplate":"https:\/\/ctomtomdev.net\/?s={search_term_string}"},"query-input":{"@type":"PropertyValueSpecification","valueRequired":true,"valueName":"search_term_string"}}],"inLanguage":"en-GB"}]}},"_links":{"self":[{"href":"https:\/\/ctomtomdev.net\/en\/wp-json\/wp\/v2\/pages\/2","targetHints":{"allow":["GET"]}}],"collection":[{"href":"https:\/\/ctomtomdev.net\/en\/wp-json\/wp\/v2\/pages"}],"about":[{"href":"https:\/\/ctomtomdev.net\/en\/wp-json\/wp\/v2\/types\/page"}],"author":[{"embeddable":true,"href":"https:\/\/ctomtomdev.net\/en\/wp-json\/wp\/v2\/users\/2"}],"replies":[{"embeddable":true,"href":"https:\/\/ctomtomdev.net\/en\/wp-json\/wp\/v2\/comments?post=2"}],"version-history":[{"count":23,"href":"https:\/\/ctomtomdev.net\/en\/wp-json\/wp\/v2\/pages\/2\/revisions"}],"predecessor-version":[{"id":327,"href":"https:\/\/ctomtomdev.net\/en\/wp-json\/wp\/v2\/pages\/2\/revisions\/327"}],"wp:attachment":[{"href":"https:\/\/ctomtomdev.net\/en\/wp-json\/wp\/v2\/media?parent=2"}],"curies":[{"name":"wp","href":"https:\/\/api.w.org\/{rel}","templated":true}]}}