{"id":3,"date":"2025-02-26T16:19:59","date_gmt":"2025-02-26T15:19:59","guid":{"rendered":"http:\/\/ctomtomdev.net\/?page_id=3"},"modified":"2025-02-27T22:07:28","modified_gmt":"2025-02-27T21:07:28","slug":"politique-de-confidentialite","status":"publish","type":"page","link":"https:\/\/ctomtomdev.net\/en\/politique-de-confidentialite\/","title":{"rendered":"Privacy policy"},"content":{"rendered":"<h2 class=\"wp-block-heading\">Qui sommes-nous&nbsp;?<\/h2>\n\n\n\n<p>L\u2019adresse du site est\u00a0: http:\/\/ctomtomdev.net.<\/p>\n\n\n\n<h2 class=\"wp-block-heading\">Cookies<\/h2>\n\n\n\n<p>Si vous vous rendez sur la page de connexion, un cookie temporaire sera cr\u00e9\u00e9 afin de d\u00e9terminer si votre navigateur accepte les cookies. Il ne contient pas de donn\u00e9es personnelles et sera supprim\u00e9 automatiquement \u00e0 la fermeture de votre navigateur.<\/p>\n\n\n\n<h2 class=\"wp-block-heading\">Contenu embarqu\u00e9 depuis d\u2019autres sites<\/h2>\n\n\n\n<p>Les articles de ce site peuvent inclure des contenus int\u00e9gr\u00e9s (par exemple des vid\u00e9os, images, articles\u2026). Le contenu int\u00e9gr\u00e9 depuis d\u2019autres sites se comporte de la m\u00eame mani\u00e8re que si le visiteur se rendait sur cet autre site.<\/p>\n\n\n\n<p>Ces sites web pourraient collecter des donn\u00e9es sur vous, utiliser des cookies, embarquer des outils de suivis tiers, suivre vos interactions avec ces contenus embarqu\u00e9s si vous disposez d\u2019un compte connect\u00e9 sur leur site web.<\/p>\n\n\n\n<h2 class=\"wp-block-heading\">Utilisation et transmission de vos donn\u00e9es personnelles<\/h2>\n\n\n\n<p>Aucune donn\u00e9e personnelle n&#8217;est express\u00e9ment collect\u00e9e ni transmise \u00e0 un tiers par ce site. D&#8217;autres politiques en mati\u00e8re de collecte et de transmission de donn\u00e9es peuvent s&#8217;appliquer si vous cliquez sur un lien externe \u00e0 partir de ce site ; les politiques de cookie et de donn\u00e9es personnelles du site externe seront alors appliqu\u00e9es.<\/p>","protected":false},"excerpt":{"rendered":"<p>Qui sommes-nous&nbsp;? L\u2019adresse du site est\u00a0: http:\/\/ctomtomdev.net. Cookies Si vous vous rendez sur la page de connexion, un cookie temporaire sera cr\u00e9\u00e9 afin de d\u00e9terminer si votre navigateur accepte les cookies. Il ne contient pas de donn\u00e9es personnelles et sera supprim\u00e9 automatiquement \u00e0 la fermeture de votre navigateur. Contenu embarqu\u00e9 depuis d\u2019autres sites Les articles [&hellip;]<\/p>\n","protected":false},"author":1,"featured_media":0,"parent":0,"menu_order":0,"comment_status":"closed","ping_status":"closed","template":"","meta":{"footnotes":""},"class_list":["post-3","page","type-page","status-publish","hentry"],"yoast_head":"<!-- This site is optimized with the Yoast SEO plugin v27.6 - https:\/\/yoast.com\/product\/yoast-seo-wordpress\/ -->\n<title>Politique de confidentialit\u00e9 - CTOMTOMDEV<\/title>\n<meta name=\"robots\" content=\"index, follow, max-snippet:-1, max-image-preview:large, max-video-preview:-1\" \/>\n<link rel=\"canonical\" href=\"https:\/\/ctomtomdev.net\/en\/politique-de-confidentialite\/\" \/>\n<meta property=\"og:locale\" content=\"en_GB\" \/>\n<meta property=\"og:type\" content=\"article\" \/>\n<meta property=\"og:title\" content=\"Politique de confidentialit\u00e9 - CTOMTOMDEV\" \/>\n<meta property=\"og:description\" content=\"Qui sommes-nous&nbsp;? L\u2019adresse du site est\u00a0: http:\/\/ctomtomdev.net. Cookies Si vous vous rendez sur la page de connexion, un cookie temporaire sera cr\u00e9\u00e9 afin de d\u00e9terminer si votre navigateur accepte les cookies. Il ne contient pas de donn\u00e9es personnelles et sera supprim\u00e9 automatiquement \u00e0 la fermeture de votre navigateur. Contenu embarqu\u00e9 depuis d\u2019autres sites Les articles [&hellip;]\" \/>\n<meta property=\"og:url\" content=\"https:\/\/ctomtomdev.net\/en\/politique-de-confidentialite\/\" \/>\n<meta property=\"og:site_name\" content=\"CTOMTOMDEV\" \/>\n<meta property=\"article:modified_time\" content=\"2025-02-27T21:07:28+00:00\" \/>\n<meta name=\"twitter:card\" content=\"summary_large_image\" \/>\n<meta name=\"twitter:label1\" content=\"Estimated reading time\" \/>\n\t<meta name=\"twitter:data1\" content=\"1 minute\" \/>\n<script type=\"application\/ld+json\" class=\"yoast-schema-graph\">{\"@context\":\"https:\\\/\\\/schema.org\",\"@graph\":[{\"@type\":\"WebPage\",\"@id\":\"https:\\\/\\\/ctomtomdev.net\\\/politique-de-confidentialite\\\/\",\"url\":\"https:\\\/\\\/ctomtomdev.net\\\/politique-de-confidentialite\\\/\",\"name\":\"Politique de confidentialit\u00e9 - CTOMTOMDEV\",\"isPartOf\":{\"@id\":\"https:\\\/\\\/ctomtomdev.net\\\/#website\"},\"datePublished\":\"2025-02-26T15:19:59+00:00\",\"dateModified\":\"2025-02-27T21:07:28+00:00\",\"breadcrumb\":{\"@id\":\"https:\\\/\\\/ctomtomdev.net\\\/politique-de-confidentialite\\\/#breadcrumb\"},\"inLanguage\":\"en-GB\",\"potentialAction\":[{\"@type\":\"ReadAction\",\"target\":[\"https:\\\/\\\/ctomtomdev.net\\\/politique-de-confidentialite\\\/\"]}]},{\"@type\":\"BreadcrumbList\",\"@id\":\"https:\\\/\\\/ctomtomdev.net\\\/politique-de-confidentialite\\\/#breadcrumb\",\"itemListElement\":[{\"@type\":\"ListItem\",\"position\":1,\"name\":\"Accueil\",\"item\":\"https:\\\/\\\/ctomtomdev.net\\\/\"},{\"@type\":\"ListItem\",\"position\":2,\"name\":\"Politique de confidentialit\u00e9\"}]},{\"@type\":\"WebSite\",\"@id\":\"https:\\\/\\\/ctomtomdev.net\\\/#website\",\"url\":\"https:\\\/\\\/ctomtomdev.net\\\/\",\"name\":\"CTOMTOMDEV\",\"description\":\"Nous sommes nos choix\",\"potentialAction\":[{\"@type\":\"SearchAction\",\"target\":{\"@type\":\"EntryPoint\",\"urlTemplate\":\"https:\\\/\\\/ctomtomdev.net\\\/?s={search_term_string}\"},\"query-input\":{\"@type\":\"PropertyValueSpecification\",\"valueRequired\":true,\"valueName\":\"search_term_string\"}}],\"inLanguage\":\"en-GB\"}]}<\/script>\n<!-- \/ Yoast SEO plugin. -->","yoast_head_json":{"title":"Politique de confidentialit\u00e9 - CTOMTOMDEV","robots":{"index":"index","follow":"follow","max-snippet":"max-snippet:-1","max-image-preview":"max-image-preview:large","max-video-preview":"max-video-preview:-1"},"canonical":"https:\/\/ctomtomdev.net\/en\/politique-de-confidentialite\/","og_locale":"en_GB","og_type":"article","og_title":"Politique de confidentialit\u00e9 - CTOMTOMDEV","og_description":"Qui sommes-nous&nbsp;? L\u2019adresse du site est\u00a0: http:\/\/ctomtomdev.net. Cookies Si vous vous rendez sur la page de connexion, un cookie temporaire sera cr\u00e9\u00e9 afin de d\u00e9terminer si votre navigateur accepte les cookies. Il ne contient pas de donn\u00e9es personnelles et sera supprim\u00e9 automatiquement \u00e0 la fermeture de votre navigateur. Contenu embarqu\u00e9 depuis d\u2019autres sites Les articles [&hellip;]","og_url":"https:\/\/ctomtomdev.net\/en\/politique-de-confidentialite\/","og_site_name":"CTOMTOMDEV","article_modified_time":"2025-02-27T21:07:28+00:00","twitter_card":"summary_large_image","twitter_misc":{"Estimated reading time":"1 minute"},"schema":{"@context":"https:\/\/schema.org","@graph":[{"@type":"WebPage","@id":"https:\/\/ctomtomdev.net\/politique-de-confidentialite\/","url":"https:\/\/ctomtomdev.net\/politique-de-confidentialite\/","name":"Politique de confidentialit\u00e9 - CTOMTOMDEV","isPartOf":{"@id":"https:\/\/ctomtomdev.net\/#website"},"datePublished":"2025-02-26T15:19:59+00:00","dateModified":"2025-02-27T21:07:28+00:00","breadcrumb":{"@id":"https:\/\/ctomtomdev.net\/politique-de-confidentialite\/#breadcrumb"},"inLanguage":"en-GB","potentialAction":[{"@type":"ReadAction","target":["https:\/\/ctomtomdev.net\/politique-de-confidentialite\/"]}]},{"@type":"BreadcrumbList","@id":"https:\/\/ctomtomdev.net\/politique-de-confidentialite\/#breadcrumb","itemListElement":[{"@type":"ListItem","position":1,"name":"Accueil","item":"https:\/\/ctomtomdev.net\/"},{"@type":"ListItem","position":2,"name":"Politique de confidentialit\u00e9"}]},{"@type":"WebSite","@id":"https:\/\/ctomtomdev.net\/#website","url":"https:\/\/ctomtomdev.net\/","name":"CTOMTOMDEV","description":"Nous sommes nos choix","potentialAction":[{"@type":"SearchAction","target":{"@type":"EntryPoint","urlTemplate":"https:\/\/ctomtomdev.net\/?s={search_term_string}"},"query-input":{"@type":"PropertyValueSpecification","valueRequired":true,"valueName":"search_term_string"}}],"inLanguage":"en-GB"}]}},"_links":{"self":[{"href":"https:\/\/ctomtomdev.net\/en\/wp-json\/wp\/v2\/pages\/3","targetHints":{"allow":["GET"]}}],"collection":[{"href":"https:\/\/ctomtomdev.net\/en\/wp-json\/wp\/v2\/pages"}],"about":[{"href":"https:\/\/ctomtomdev.net\/en\/wp-json\/wp\/v2\/types\/page"}],"author":[{"embeddable":true,"href":"https:\/\/ctomtomdev.net\/en\/wp-json\/wp\/v2\/users\/1"}],"replies":[{"embeddable":true,"href":"https:\/\/ctomtomdev.net\/en\/wp-json\/wp\/v2\/comments?post=3"}],"version-history":[{"count":1,"href":"https:\/\/ctomtomdev.net\/en\/wp-json\/wp\/v2\/pages\/3\/revisions"}],"predecessor-version":[{"id":13,"href":"https:\/\/ctomtomdev.net\/en\/wp-json\/wp\/v2\/pages\/3\/revisions\/13"}],"wp:attachment":[{"href":"https:\/\/ctomtomdev.net\/en\/wp-json\/wp\/v2\/media?parent=3"}],"curies":[{"name":"wp","href":"https:\/\/api.w.org\/{rel}","templated":true}]}}