{"id":172,"date":"2025-04-01T14:45:10","date_gmt":"2025-04-01T12:45:10","guid":{"rendered":"https:\/\/ctomtomdev.net\/?page_id=172"},"modified":"2025-04-03T12:16:50","modified_gmt":"2025-04-03T10:16:50","slug":"portfolio-de-print-daffiches-et-fiches","status":"publish","type":"page","link":"https:\/\/ctomtomdev.net\/fr_fr\/portfolio-de-print-daffiches-et-fiches\/","title":{"rendered":"Portfolio de print d&#8217;affiches et fiches"},"content":{"rendered":"\n<p>Cette page de portfolio de print d&#8217;affiches et de fiches pr\u00e9sente des r\u00e9alisations en marge de mon activit\u00e9 au sein de mon poste ou via les activit\u00e9s du Comit\u00e9 d&#8217;Entreprise, o\u00f9 j&#8217;ai \u00e9t\u00e9 amen\u00e9 \u00e0 r\u00e9aliser des affiches et des fiches pratiques.<\/p>\n\n\n\n<h2 class=\"wp-block-heading\">2017 &#8211; Fiche Qualit\u00e9 #1 &#8211; Getinge<\/h2>\n\n\n\n<p>La Direction Qualit\u00e9 avait besoin d&#8217;une Fiche Qualit\u00e9 pour mettre en avant les points importants d&#8217;un audit ISO \u00e0 venir. J&#8217;ai r\u00e9alis\u00e9 ce visuel en plus de ma mission de chef de projet (d&#8217;o\u00f9 l&#8217;utilisation d&#8217;un pseudonyme !) pour soutenir la d\u00e9marche Qualit\u00e9 et parce que, d\u00e9j\u00e0 en 2017, les sujets graphiques m&#8217;int\u00e9ressaient fortement, et les <a href=\"https:\/\/ctomtomdev.net\/mise-a-jour-ui-existantes\/\">mises \u00e0 jour d&#8217;interface<\/a> n&#8217;ont pas \u00e9t\u00e9 ma seule contribution graphique pour <a href=\"https:\/\/www.getinge.com\">Getinge<\/a>.<\/p>\n\n\n\n<p>Lien vers la fiche PDF : <a href=\"https:\/\/ctomtomdev.net\/wp-content\/uploads\/prints\/ANX01_FicheQualite_1.pdf\">Fiche Qualit\u00e9 #1<\/a><\/p>\n\n\n\n<figure class=\"wp-block-image size-full\"><img loading=\"lazy\" decoding=\"async\" width=\"842\" height=\"596\" src=\"http:\/\/ctomtomdev.net\/wp-content\/uploads\/prints\/FicheQualite01_P1.jpg\" alt=\"Print Fiche Qualit\u00e9 #1 - page 1 \/ recto\" class=\"wp-image-182\" srcset=\"https:\/\/ctomtomdev.net\/wp-content\/uploads\/prints\/FicheQualite01_P1.jpg 842w, https:\/\/ctomtomdev.net\/wp-content\/uploads\/prints\/FicheQualite01_P1-600x425.jpg 600w, https:\/\/ctomtomdev.net\/wp-content\/uploads\/prints\/FicheQualite01_P1-300x212.jpg 300w, https:\/\/ctomtomdev.net\/wp-content\/uploads\/prints\/FicheQualite01_P1-768x544.jpg 768w, https:\/\/ctomtomdev.net\/wp-content\/uploads\/prints\/FicheQualite01_P1-340x240.jpg 340w\" sizes=\"auto, (max-width: 842px) 100vw, 842px\" \/><figcaption class=\"wp-element-caption\">Print Fiche Qualit\u00e9 #1 &#8211; page 1 \/ recto<\/figcaption><\/figure>\n\n\n\n<figure class=\"wp-block-image size-full\"><img loading=\"lazy\" decoding=\"async\" width=\"842\" height=\"596\" src=\"http:\/\/ctomtomdev.net\/wp-content\/uploads\/prints\/FicheQualite01_P2.jpg\" alt=\"Print Fiche Qualit\u00e9 #1 - page 2 \/ verso\" class=\"wp-image-176\" srcset=\"https:\/\/ctomtomdev.net\/wp-content\/uploads\/prints\/FicheQualite01_P2.jpg 842w, https:\/\/ctomtomdev.net\/wp-content\/uploads\/prints\/FicheQualite01_P2-600x425.jpg 600w, https:\/\/ctomtomdev.net\/wp-content\/uploads\/prints\/FicheQualite01_P2-300x212.jpg 300w, https:\/\/ctomtomdev.net\/wp-content\/uploads\/prints\/FicheQualite01_P2-768x544.jpg 768w, https:\/\/ctomtomdev.net\/wp-content\/uploads\/prints\/FicheQualite01_P2-340x240.jpg 340w\" sizes=\"auto, (max-width: 842px) 100vw, 842px\" \/><figcaption class=\"wp-element-caption\">Print Fiche Qualit\u00e9 #1 &#8211; page 2 \/ verso<\/figcaption><\/figure>\n\n\n\n<h2 class=\"wp-block-heading\">2017 &#8211; Fiche Qualit\u00e9 #2 &#8211; Getinge<\/h2>\n\n\n\n<p>Suite \u00e0 la premi\u00e8re Fiche Qualit\u00e9, la Direction de <a href=\"http:\/\/www.getinge.com\">Getinge<\/a> a demand\u00e9 une seconde fiche sur les &#8220;bonnes pratiques documentaires&#8221;, pour \u00e9viter les erreur classiques en audit, comme les mauvais formats de dates ou les modifications non document\u00e9es. J&#8217;ai donc r\u00e9alis\u00e9 la seconde fiche.<\/p>\n\n\n\n<p>Lien vers la fiche PDF : <a href=\"https:\/\/ctomtomdev.net\/wp-content\/uploads\/prints\/ANX01_FicheQualite_1.pdf\">Fiche Qualit\u00e9 #2<\/a><\/p>\n\n\n\n<figure class=\"wp-block-image size-full\"><img loading=\"lazy\" decoding=\"async\" width=\"843\" height=\"597\" src=\"http:\/\/ctomtomdev.net\/wp-content\/uploads\/prints\/FicheQualite02_P1.jpg\" alt=\"Print Fiche Qualit\u00e9 #2 - page 1 \/ recto\" class=\"wp-image-177\" srcset=\"https:\/\/ctomtomdev.net\/wp-content\/uploads\/prints\/FicheQualite02_P1.jpg 843w, https:\/\/ctomtomdev.net\/wp-content\/uploads\/prints\/FicheQualite02_P1-600x425.jpg 600w, https:\/\/ctomtomdev.net\/wp-content\/uploads\/prints\/FicheQualite02_P1-300x212.jpg 300w, https:\/\/ctomtomdev.net\/wp-content\/uploads\/prints\/FicheQualite02_P1-768x544.jpg 768w, https:\/\/ctomtomdev.net\/wp-content\/uploads\/prints\/FicheQualite02_P1-340x240.jpg 340w\" sizes=\"auto, (max-width: 843px) 100vw, 843px\" \/><figcaption class=\"wp-element-caption\">Print Fiche Qualit\u00e9 #2 &#8211; page 1 \/ recto<\/figcaption><\/figure>\n\n\n\n<figure class=\"wp-block-image size-full\"><img loading=\"lazy\" decoding=\"async\" width=\"843\" height=\"597\" src=\"http:\/\/ctomtomdev.net\/wp-content\/uploads\/prints\/FicheQualite02_P2.jpg\" alt=\"Print Fiche Qualit\u00e9 #2 - page 2 \/ verso\" class=\"wp-image-175\" srcset=\"https:\/\/ctomtomdev.net\/wp-content\/uploads\/prints\/FicheQualite02_P2.jpg 843w, https:\/\/ctomtomdev.net\/wp-content\/uploads\/prints\/FicheQualite02_P2-600x425.jpg 600w, https:\/\/ctomtomdev.net\/wp-content\/uploads\/prints\/FicheQualite02_P2-300x212.jpg 300w, https:\/\/ctomtomdev.net\/wp-content\/uploads\/prints\/FicheQualite02_P2-768x544.jpg 768w, https:\/\/ctomtomdev.net\/wp-content\/uploads\/prints\/FicheQualite02_P2-340x240.jpg 340w\" sizes=\"auto, (max-width: 843px) 100vw, 843px\" \/><figcaption class=\"wp-element-caption\">Print Fiche Qualit\u00e9 #2 &#8211; page 2 \/ verso<\/figcaption><\/figure>\n\n\n\n<h2 class=\"wp-block-heading\">2017 &#8211; Affiche CE pour un voyage \u00e0 Venise<\/h2>\n\n\n\n<p>Elu du comit\u00e9 d&#8217;entreprise, j&#8217;avais pour mission la cr\u00e9ation des affiches pour les voyages et produits propos\u00e9s par le CE. Peu ont subsist\u00e9 \u00e0 mon changement de soci\u00e9t\u00e9, mais j&#8217;ai au moins retrouv\u00e9 celle-ci, annon\u00e7ant le week-end \u00e0 Venise de 2017.<\/p>\n\n\n\n<figure class=\"wp-block-image size-large\"><img loading=\"lazy\" decoding=\"async\" width=\"724\" height=\"1024\" src=\"http:\/\/ctomtomdev.net\/wp-content\/uploads\/prints\/affiche_venise-724x1024.jpg\" alt=\"Affiche Venise - CE Maquet\" class=\"wp-image-187\" srcset=\"https:\/\/ctomtomdev.net\/wp-content\/uploads\/prints\/affiche_venise-724x1024.jpg 724w, https:\/\/ctomtomdev.net\/wp-content\/uploads\/prints\/affiche_venise-600x848.jpg 600w, https:\/\/ctomtomdev.net\/wp-content\/uploads\/prints\/affiche_venise-212x300.jpg 212w, https:\/\/ctomtomdev.net\/wp-content\/uploads\/prints\/affiche_venise-768x1086.jpg 768w, https:\/\/ctomtomdev.net\/wp-content\/uploads\/prints\/affiche_venise-1086x1536.jpg 1086w, https:\/\/ctomtomdev.net\/wp-content\/uploads\/prints\/affiche_venise-1448x2048.jpg 1448w, https:\/\/ctomtomdev.net\/wp-content\/uploads\/prints\/affiche_venise.jpg 1556w\" sizes=\"auto, (max-width: 724px) 100vw, 724px\" \/><figcaption class=\"wp-element-caption\">Affiche Venise &#8211; CE Maquet<\/figcaption><\/figure>\n","protected":false},"excerpt":{"rendered":"<p>Cette page de portfolio de print d&#8217;affiches et de fiches pr\u00e9sente des r\u00e9alisations en marge de mon activit\u00e9 au sein de mon poste ou via les activit\u00e9s du Comit\u00e9 d&#8217;Entreprise, o\u00f9 j&#8217;ai \u00e9t\u00e9 amen\u00e9 \u00e0 r\u00e9aliser des affiches et des fiches pratiques. 2017 &#8211; Fiche Qualit\u00e9 #1 &#8211; Getinge La Direction Qualit\u00e9 avait besoin d&#8217;une [&hellip;]<\/p>\n","protected":false},"author":2,"featured_media":0,"parent":0,"menu_order":0,"comment_status":"closed","ping_status":"closed","template":"","meta":{"footnotes":""},"class_list":["post-172","page","type-page","status-publish","hentry"],"yoast_head":"<!-- This site is optimized with the Yoast SEO plugin v27.6 - https:\/\/yoast.com\/product\/yoast-seo-wordpress\/ -->\n<title>Portfolio de print d&#039;affiches et fiches - CTOMTOMDEV<\/title>\n<meta name=\"description\" content=\"Portfolio de print d&#039;affiches et fiches en marge de mon activit\u00e9 projet, soit pour le comit\u00e9 d&#039;entreprise soit pour le service Qualit\u00e9.\" \/>\n<meta name=\"robots\" content=\"index, follow, max-snippet:-1, max-image-preview:large, max-video-preview:-1\" \/>\n<link rel=\"canonical\" href=\"https:\/\/ctomtomdev.net\/fr_fr\/portfolio-de-print-daffiches-et-fiches\/\" \/>\n<meta property=\"og:locale\" content=\"fr_FR\" \/>\n<meta property=\"og:type\" content=\"article\" \/>\n<meta property=\"og:title\" content=\"Portfolio de print d&#039;affiches et fiches - CTOMTOMDEV\" \/>\n<meta property=\"og:description\" content=\"Portfolio de print d&#039;affiches et fiches en marge de mon activit\u00e9 projet, soit pour le comit\u00e9 d&#039;entreprise soit pour le service Qualit\u00e9.\" \/>\n<meta property=\"og:url\" content=\"https:\/\/ctomtomdev.net\/fr_fr\/portfolio-de-print-daffiches-et-fiches\/\" \/>\n<meta property=\"og:site_name\" content=\"CTOMTOMDEV\" \/>\n<meta property=\"article:modified_time\" content=\"2025-04-03T10:16:50+00:00\" \/>\n<meta property=\"og:image\" content=\"https:\/\/ctomtomdev.net\/wp-content\/uploads\/prints\/FicheQualite01_P1.jpg\" \/>\n\t<meta property=\"og:image:width\" content=\"842\" \/>\n\t<meta property=\"og:image:height\" content=\"596\" \/>\n\t<meta property=\"og:image:type\" content=\"image\/jpeg\" \/>\n<meta name=\"twitter:card\" content=\"summary_large_image\" \/>\n<meta name=\"twitter:label1\" content=\"Dur\u00e9e de lecture estim\u00e9e\" \/>\n\t<meta name=\"twitter:data1\" content=\"3 minutes\" \/>\n<script type=\"application\/ld+json\" class=\"yoast-schema-graph\">{\"@context\":\"https:\\\/\\\/schema.org\",\"@graph\":[{\"@type\":\"WebPage\",\"@id\":\"https:\\\/\\\/ctomtomdev.net\\\/portfolio-de-print-daffiches-et-fiches\\\/\",\"url\":\"https:\\\/\\\/ctomtomdev.net\\\/portfolio-de-print-daffiches-et-fiches\\\/\",\"name\":\"Portfolio de print d'affiches et fiches - CTOMTOMDEV\",\"isPartOf\":{\"@id\":\"https:\\\/\\\/ctomtomdev.net\\\/#website\"},\"primaryImageOfPage\":{\"@id\":\"https:\\\/\\\/ctomtomdev.net\\\/portfolio-de-print-daffiches-et-fiches\\\/#primaryimage\"},\"image\":{\"@id\":\"https:\\\/\\\/ctomtomdev.net\\\/portfolio-de-print-daffiches-et-fiches\\\/#primaryimage\"},\"thumbnailUrl\":\"http:\\\/\\\/ctomtomdev.net\\\/wp-content\\\/uploads\\\/prints\\\/FicheQualite01_P1.jpg\",\"datePublished\":\"2025-04-01T12:45:10+00:00\",\"dateModified\":\"2025-04-03T10:16:50+00:00\",\"description\":\"Portfolio de print d'affiches et fiches en marge de mon activit\u00e9 projet, soit pour le comit\u00e9 d'entreprise soit pour le service Qualit\u00e9.\",\"breadcrumb\":{\"@id\":\"https:\\\/\\\/ctomtomdev.net\\\/portfolio-de-print-daffiches-et-fiches\\\/#breadcrumb\"},\"inLanguage\":\"fr-FR\",\"potentialAction\":[{\"@type\":\"ReadAction\",\"target\":[\"https:\\\/\\\/ctomtomdev.net\\\/portfolio-de-print-daffiches-et-fiches\\\/\"]}]},{\"@type\":\"ImageObject\",\"inLanguage\":\"fr-FR\",\"@id\":\"https:\\\/\\\/ctomtomdev.net\\\/portfolio-de-print-daffiches-et-fiches\\\/#primaryimage\",\"url\":\"http:\\\/\\\/ctomtomdev.net\\\/wp-content\\\/uploads\\\/prints\\\/FicheQualite01_P1.jpg\",\"contentUrl\":\"http:\\\/\\\/ctomtomdev.net\\\/wp-content\\\/uploads\\\/prints\\\/FicheQualite01_P1.jpg\"},{\"@type\":\"BreadcrumbList\",\"@id\":\"https:\\\/\\\/ctomtomdev.net\\\/portfolio-de-print-daffiches-et-fiches\\\/#breadcrumb\",\"itemListElement\":[{\"@type\":\"ListItem\",\"position\":1,\"name\":\"Accueil\",\"item\":\"https:\\\/\\\/ctomtomdev.net\\\/\"},{\"@type\":\"ListItem\",\"position\":2,\"name\":\"Portfolio de print d&rsquo;affiches et fiches\"}]},{\"@type\":\"WebSite\",\"@id\":\"https:\\\/\\\/ctomtomdev.net\\\/#website\",\"url\":\"https:\\\/\\\/ctomtomdev.net\\\/\",\"name\":\"CTOMTOMDEV\",\"description\":\"Nous sommes nos choix\",\"potentialAction\":[{\"@type\":\"SearchAction\",\"target\":{\"@type\":\"EntryPoint\",\"urlTemplate\":\"https:\\\/\\\/ctomtomdev.net\\\/?s={search_term_string}\"},\"query-input\":{\"@type\":\"PropertyValueSpecification\",\"valueRequired\":true,\"valueName\":\"search_term_string\"}}],\"inLanguage\":\"fr-FR\"}]}<\/script>\n<!-- \/ Yoast SEO plugin. -->","yoast_head_json":{"title":"Portfolio de print d'affiches et fiches - CTOMTOMDEV","description":"Portfolio de print d'affiches et fiches en marge de mon activit\u00e9 projet, soit pour le comit\u00e9 d'entreprise soit pour le service Qualit\u00e9.","robots":{"index":"index","follow":"follow","max-snippet":"max-snippet:-1","max-image-preview":"max-image-preview:large","max-video-preview":"max-video-preview:-1"},"canonical":"https:\/\/ctomtomdev.net\/fr_fr\/portfolio-de-print-daffiches-et-fiches\/","og_locale":"fr_FR","og_type":"article","og_title":"Portfolio de print d'affiches et fiches - CTOMTOMDEV","og_description":"Portfolio de print d'affiches et fiches en marge de mon activit\u00e9 projet, soit pour le comit\u00e9 d'entreprise soit pour le service Qualit\u00e9.","og_url":"https:\/\/ctomtomdev.net\/fr_fr\/portfolio-de-print-daffiches-et-fiches\/","og_site_name":"CTOMTOMDEV","article_modified_time":"2025-04-03T10:16:50+00:00","og_image":[{"width":842,"height":596,"url":"https:\/\/ctomtomdev.net\/wp-content\/uploads\/prints\/FicheQualite01_P1.jpg","type":"image\/jpeg"}],"twitter_card":"summary_large_image","twitter_misc":{"Dur\u00e9e de lecture estim\u00e9e":"3 minutes"},"schema":{"@context":"https:\/\/schema.org","@graph":[{"@type":"WebPage","@id":"https:\/\/ctomtomdev.net\/portfolio-de-print-daffiches-et-fiches\/","url":"https:\/\/ctomtomdev.net\/portfolio-de-print-daffiches-et-fiches\/","name":"Portfolio de print d'affiches et fiches - CTOMTOMDEV","isPartOf":{"@id":"https:\/\/ctomtomdev.net\/#website"},"primaryImageOfPage":{"@id":"https:\/\/ctomtomdev.net\/portfolio-de-print-daffiches-et-fiches\/#primaryimage"},"image":{"@id":"https:\/\/ctomtomdev.net\/portfolio-de-print-daffiches-et-fiches\/#primaryimage"},"thumbnailUrl":"http:\/\/ctomtomdev.net\/wp-content\/uploads\/prints\/FicheQualite01_P1.jpg","datePublished":"2025-04-01T12:45:10+00:00","dateModified":"2025-04-03T10:16:50+00:00","description":"Portfolio de print d'affiches et fiches en marge de mon activit\u00e9 projet, soit pour le comit\u00e9 d'entreprise soit pour le service Qualit\u00e9.","breadcrumb":{"@id":"https:\/\/ctomtomdev.net\/portfolio-de-print-daffiches-et-fiches\/#breadcrumb"},"inLanguage":"fr-FR","potentialAction":[{"@type":"ReadAction","target":["https:\/\/ctomtomdev.net\/portfolio-de-print-daffiches-et-fiches\/"]}]},{"@type":"ImageObject","inLanguage":"fr-FR","@id":"https:\/\/ctomtomdev.net\/portfolio-de-print-daffiches-et-fiches\/#primaryimage","url":"http:\/\/ctomtomdev.net\/wp-content\/uploads\/prints\/FicheQualite01_P1.jpg","contentUrl":"http:\/\/ctomtomdev.net\/wp-content\/uploads\/prints\/FicheQualite01_P1.jpg"},{"@type":"BreadcrumbList","@id":"https:\/\/ctomtomdev.net\/portfolio-de-print-daffiches-et-fiches\/#breadcrumb","itemListElement":[{"@type":"ListItem","position":1,"name":"Accueil","item":"https:\/\/ctomtomdev.net\/"},{"@type":"ListItem","position":2,"name":"Portfolio de print d&rsquo;affiches et fiches"}]},{"@type":"WebSite","@id":"https:\/\/ctomtomdev.net\/#website","url":"https:\/\/ctomtomdev.net\/","name":"CTOMTOMDEV","description":"Nous sommes nos choix","potentialAction":[{"@type":"SearchAction","target":{"@type":"EntryPoint","urlTemplate":"https:\/\/ctomtomdev.net\/?s={search_term_string}"},"query-input":{"@type":"PropertyValueSpecification","valueRequired":true,"valueName":"search_term_string"}}],"inLanguage":"fr-FR"}]}},"_links":{"self":[{"href":"https:\/\/ctomtomdev.net\/fr_fr\/wp-json\/wp\/v2\/pages\/172","targetHints":{"allow":["GET"]}}],"collection":[{"href":"https:\/\/ctomtomdev.net\/fr_fr\/wp-json\/wp\/v2\/pages"}],"about":[{"href":"https:\/\/ctomtomdev.net\/fr_fr\/wp-json\/wp\/v2\/types\/page"}],"author":[{"embeddable":true,"href":"https:\/\/ctomtomdev.net\/fr_fr\/wp-json\/wp\/v2\/users\/2"}],"replies":[{"embeddable":true,"href":"https:\/\/ctomtomdev.net\/fr_fr\/wp-json\/wp\/v2\/comments?post=172"}],"version-history":[{"count":8,"href":"https:\/\/ctomtomdev.net\/fr_fr\/wp-json\/wp\/v2\/pages\/172\/revisions"}],"predecessor-version":[{"id":189,"href":"https:\/\/ctomtomdev.net\/fr_fr\/wp-json\/wp\/v2\/pages\/172\/revisions\/189"}],"wp:attachment":[{"href":"https:\/\/ctomtomdev.net\/fr_fr\/wp-json\/wp\/v2\/media?parent=172"}],"curies":[{"name":"wp","href":"https:\/\/api.w.org\/{rel}","templated":true}]}}